{"id":79,"date":"2021-07-03T15:05:58","date_gmt":"2021-07-03T13:05:58","guid":{"rendered":"https:\/\/spcwc.pzk.pl\/?page_id=79"},"modified":"2026-03-07T13:45:51","modified_gmt":"2026-03-07T12:45:51","slug":"nauka","status":"publish","type":"page","link":"https:\/\/spcwc.pzk.pl\/?page_id=79","title":{"rendered":"Nauka"},"content":{"rendered":"<p>Jest wiele program\u00f3w i stron s\u0142u\u017c\u0105cych do nauki alfabetu morse&#8217;a.<\/p>\n<p>Polecamy nast\u0119puj\u0105ce:<\/p>\n<p><a href=\"http:\/\/lcwo.net\" target=\"_blank\" rel=\"noopener\">Learn CW Online <\/a>&#8211; strona w j\u0119zyku polskim, stworzona przez Fabiana DJ1YFK &amp; SO5CW cz\u0142onka SPCWC #444.&nbsp;<\/p>\n\n\n<p><a rel=\"noreferrer noopener\" href=\"http:\/\/www.rufzxp.net\/\" target=\"_blank\">RufzXP.net<\/a> &#8211; program nadaj\u0105cy znaki i zwi\u0119kszaj\u0105cy pr\u0119dko\u015b\u0107 podczas prawid\u0142owego odbioru znaku.<\/p>\n\n\n\n<p><a rel=\"noreferrer noopener\" href=\"http:\/\/www.dxatlas.com\/MorseRunner\/\" target=\"_blank\">Morse Runner<\/a> &#8211; wirtualny contest.<\/p>\n\n\n\n<p><a href=\"https:\/\/fritzsche.github.io\/WebMorseRunner\/\" target=\"_blank\" rel=\"noreferrer noopener\">Web Morse Runner<\/a> &#8211; wirtualny contest przez przegl\u0105dark\u0119.<\/p>\n\n\n\n<p><a rel=\"noreferrer noopener\" href=\"https:\/\/play.google.com\/store\/apps\/details?id=net.iz2uuf.cwkoch&amp;hl=en\" target=\"_blank\">IZ2UUF Morse Koch CW<\/a> &#8211; program na android, s\u0142u\u017c\u0105cy do nauki metod\u0105 Kocha.<\/p>\n\n\n\n<p><a rel=\"noreferrer noopener\" href=\"https:\/\/www.youtube.com\/channel\/UCXrTMfMEhkC9rVyQNU5aZlA\" target=\"_blank\">Kana\u0142 YouTube Kurta Zoglmann<\/a> &#8211; zawiera wiele filmik\u00f3w do nauki telegrafii.<\/p>\n\n\n\n<p><a rel=\"noreferrer noopener\" href=\"http:\/\/titawa.pl\/\" target=\"_blank\">http:\/\/titawa.pl\/ <\/a>&#8211; strona polskich mi\u0142o\u015bnik\u00f3w telegrafii, gdzie mo\u017cna znale\u017a\u0107 du\u017co informacji i porad dotycz\u0105cych nauki i nadawania.<\/p>\n\n\n\n<p><a href=\"http:\/\/www.komsta.net\/telegrafia\" target=\"_blank\" rel=\"noreferrer noopener\">http:\/\/www.komsta.net\/telegrafia<\/a> &#8211; strona \u0141ukasza SP8QED SPCWC #207 na kt\u00f3rej mo\u017cna pobra\u0107 Zwi\u0119z\u0142y podr\u0119cznik telegra\ufb01i.<\/p>\n","protected":false},"excerpt":{"rendered":"<p>Jest wiele program\u00f3w i stron s\u0142u\u017c\u0105cych do nauki alfabetu morse&#8217;a. Polecamy nast\u0119puj\u0105ce: Learn CW Online &#8211; strona w j\u0119zyku polskim, stworzona przez Fabiana DJ1YFK &amp; SO5CW cz\u0142onka SPCWC #444.&nbsp; RufzXP.net &#8211; program nadaj\u0105cy znaki i zwi\u0119kszaj\u0105cy pr\u0119dko\u015b\u0107 podczas prawid\u0142owego odbioru znaku. Morse Runner &#8211; wirtualny contest. Web Morse Runner &#8211; wirtualny contest przez przegl\u0105dark\u0119. IZ2UUF Morse Koch CW &#8211; program na android, s\u0142u\u017c\u0105cy do nauki metod\u0105 Kocha. Kana\u0142 YouTube Kurta Zoglmann &#8211; zawiera wiele filmik\u00f3w do nauki telegrafii. http:\/\/titawa.pl\/ &#8211; &hellip; <a href=\"https:\/\/spcwc.pzk.pl\/?page_id=79\" class=\"more-link\">Continue reading<span class=\"screen-reader-text\"> &#8222;Nauka&#8221;<\/span><\/a><\/p>\n","protected":false},"author":1,"featured_media":0,"parent":0,"menu_order":0,"comment_status":"closed","ping_status":"closed","template":"","meta":{"footnotes":""},"class_list":["post-79","page","type-page","status-publish","hentry"],"_links":{"self":[{"href":"https:\/\/spcwc.pzk.pl\/index.php?rest_route=\/wp\/v2\/pages\/79","targetHints":{"allow":["GET"]}}],"collection":[{"href":"https:\/\/spcwc.pzk.pl\/index.php?rest_route=\/wp\/v2\/pages"}],"about":[{"href":"https:\/\/spcwc.pzk.pl\/index.php?rest_route=\/wp\/v2\/types\/page"}],"author":[{"embeddable":true,"href":"https:\/\/spcwc.pzk.pl\/index.php?rest_route=\/wp\/v2\/users\/1"}],"replies":[{"embeddable":true,"href":"https:\/\/spcwc.pzk.pl\/index.php?rest_route=%2Fwp%2Fv2%2Fcomments&post=79"}],"version-history":[{"count":4,"href":"https:\/\/spcwc.pzk.pl\/index.php?rest_route=\/wp\/v2\/pages\/79\/revisions"}],"predecessor-version":[{"id":557,"href":"https:\/\/spcwc.pzk.pl\/index.php?rest_route=\/wp\/v2\/pages\/79\/revisions\/557"}],"wp:attachment":[{"href":"https:\/\/spcwc.pzk.pl\/index.php?rest_route=%2Fwp%2Fv2%2Fmedia&parent=79"}],"curies":[{"name":"wp","href":"https:\/\/api.w.org\/{rel}","templated":true}]}}