{"id":7,"date":"2021-07-02T11:23:27","date_gmt":"2021-07-02T09:23:27","guid":{"rendered":"https:\/\/spcwc.pzk.pl\/?page_id=7"},"modified":"2021-12-06T20:19:37","modified_gmt":"2021-12-06T19:19:37","slug":"regulamin","status":"publish","type":"page","link":"https:\/\/spcwc.pzk.pl\/?page_id=7","title":{"rendered":"Regulamin"},"content":{"rendered":"\n<p><strong>1.<\/strong>&nbsp;Polski Klub Radiotelegrafist\u00f3w, zwany dalej SPCWC, za\u0142o\u017cony zosta\u0142 1 lipca 1995 r. z inicjatywy redakcji MK QTC.<\/p>\n\n\n\n<p><strong>2.<\/strong>&nbsp;SPCWC jest stowarzyszeniem radiooperatorskim zrzeszaj\u0105cym licencjonowanych nadawc\u00f3w i nas\u0142uchowc\u00f3w \u2013 entuzjast\u00f3w pracy emisj\u0105 CW, potrafi\u0105cych odbiera\u0107 na s\u0142uch znaki alfabetu Morsa i nadawa\u0107 je przy u\u017cyciu r\u0119cznych kluczy telegraficznych.<\/p>\n\n\n\n<p><strong>3.&nbsp;<\/strong>Cz\u0142onkiem SPCWC mo\u017ce zosta\u0107 licencjonowany nadawca, kt\u00f3ry:<\/p>\n\n\n\n<p>a. Przedstawi 5 rekomendacji cz\u0142onk\u00f3w klubu, o kt\u00f3re sam zainteresowany si\u0119 do nich zwr\u00f3ci. Rekomendacje powinny by\u0107 przes\u0142ane przez rekomenduj\u0105cych na adres qtc@post.pl<\/p>\n\n\n\n<p><em>lub<\/em><\/p>\n\n\n\n<p>b. We\u017amie udzia\u0142 w co najmniej 10 mi\u0119dzynarodowych zawodach HF i zostanie sklasyfikowany w grupie stacji CW.<\/p>\n\n\n\n<p><strong>4.&nbsp;<\/strong>Cz\u0142onkostwo w SPCWC potwierdzane jest Dyplomem, kt\u00f3rego koszt druku i przesy\u0142ki (r\u00f3wnowarto\u015b\u0107 10 Euro) pokrywa zainteresowany. eDyplom jest bezp\u0142atny.<\/p>\n\n\n\n<p><strong>5.<\/strong>&nbsp;Cz\u0142onkostwo w SPCWC jest do\u017cywotnie.<\/p>\n\n\n\n<p><strong>6.<\/strong>&nbsp;Cz\u0142onkostwo w SPCWC wygasa na skutek rezygnacji.<\/p>\n\n\n\n<p><strong>7.&nbsp;<\/strong>Cz\u0142onkowie mi\u0119dzynarodowych klub\u00f3w telegraficznych HSC, FOC, CWOPs mog\u0105 zosta\u0107 cz\u0142onkami SPCWC po nades\u0142aniu pisemnego zg\u0142oszenia.<\/p>\n\n\n\n<p><strong>8.&nbsp;<\/strong>Cz\u0142onek SPCWC ma prawo do u\u017cywania klubowego logo.<\/p>\n\n\n\n<p><strong>9.<\/strong>&nbsp;SPCWC jest organizatorem krajowych zawod\u00f3w SPCW Contest.<\/p>\n\n\n\n<p><strong>10.<\/strong>&nbsp;Lista Wieczysta SPCWC jest wykazem wszystkich cz\u0142onk\u00f3w.<\/p>\n\n\n\n<p><strong>11.&nbsp;<\/strong>Pracami stowarzyszenia kieruje SPCWC Manager.<\/p>\n\n\n\n<p><strong>12.<\/strong>\u00a0SPCWC jest cz\u0142onkiem europejskiej federacji klub\u00f3w telegraficznych <a rel=\"noreferrer noopener\" href=\"https:\/\/www.eucw.org\/\" target=\"_blank\">EUCWC<\/a> oraz mi\u0119dzynarodowej rady CW <a rel=\"noreferrer noopener\" href=\"https:\/\/internationalcwcouncil.org\/\" data-type=\"URL\" data-id=\"https:\/\/internationalcwcouncil.org\/\" target=\"_blank\">ICWC<\/a>.<\/p>\n\n\n\n<p><strong>13.<\/strong>&nbsp;Adres korespondencyjny: SPCWC, c\/o Sylwester Jarkiewicz SP2FAP, Suchacz-Zamek, ul. Wielmo\u017cy 5b, 82-340 Tolkmicko; eMail: qtc@post.pl<\/p>\n\n\n\n<figure class=\"wp-block-image size-large\"><img loading=\"lazy\" decoding=\"async\" width=\"800\" height=\"563\" src=\"https:\/\/spcwc.pzk.pl\/wp-content\/uploads\/SPCWC-sample.png\" alt=\"\" class=\"wp-image-34\" srcset=\"https:\/\/spcwc.pzk.pl\/wp-content\/uploads\/SPCWC-sample.png 800w, https:\/\/spcwc.pzk.pl\/wp-content\/uploads\/SPCWC-sample-300x211.png 300w, https:\/\/spcwc.pzk.pl\/wp-content\/uploads\/SPCWC-sample-768x540.png 768w\" sizes=\"auto, (max-width: 800px) 85vw, 800px\" \/><\/figure>\n","protected":false},"excerpt":{"rendered":"<p>1.&nbsp;Polski Klub Radiotelegrafist\u00f3w, zwany dalej SPCWC, za\u0142o\u017cony zosta\u0142 1 lipca 1995 r. z inicjatywy redakcji MK QTC. 2.&nbsp;SPCWC jest stowarzyszeniem radiooperatorskim zrzeszaj\u0105cym licencjonowanych nadawc\u00f3w i nas\u0142uchowc\u00f3w \u2013 entuzjast\u00f3w pracy emisj\u0105 CW, potrafi\u0105cych odbiera\u0107 na s\u0142uch znaki alfabetu Morsa i nadawa\u0107 je przy u\u017cyciu r\u0119cznych kluczy telegraficznych. 3.&nbsp;Cz\u0142onkiem SPCWC mo\u017ce zosta\u0107 licencjonowany nadawca, kt\u00f3ry: a. Przedstawi 5 rekomendacji cz\u0142onk\u00f3w klubu, o kt\u00f3re sam zainteresowany si\u0119 do nich zwr\u00f3ci. Rekomendacje powinny by\u0107 przes\u0142ane przez rekomenduj\u0105cych na adres qtc@post.pl lub b. We\u017amie udzia\u0142 &hellip; <a href=\"https:\/\/spcwc.pzk.pl\/?page_id=7\" class=\"more-link\">Continue reading<span class=\"screen-reader-text\"> &#8222;Regulamin&#8221;<\/span><\/a><\/p>\n","protected":false},"author":1,"featured_media":0,"parent":0,"menu_order":0,"comment_status":"closed","ping_status":"closed","template":"","meta":{"footnotes":""},"class_list":["post-7","page","type-page","status-publish","hentry"],"_links":{"self":[{"href":"https:\/\/spcwc.pzk.pl\/index.php?rest_route=\/wp\/v2\/pages\/7","targetHints":{"allow":["GET"]}}],"collection":[{"href":"https:\/\/spcwc.pzk.pl\/index.php?rest_route=\/wp\/v2\/pages"}],"about":[{"href":"https:\/\/spcwc.pzk.pl\/index.php?rest_route=\/wp\/v2\/types\/page"}],"author":[{"embeddable":true,"href":"https:\/\/spcwc.pzk.pl\/index.php?rest_route=\/wp\/v2\/users\/1"}],"replies":[{"embeddable":true,"href":"https:\/\/spcwc.pzk.pl\/index.php?rest_route=%2Fwp%2Fv2%2Fcomments&post=7"}],"version-history":[{"count":6,"href":"https:\/\/spcwc.pzk.pl\/index.php?rest_route=\/wp\/v2\/pages\/7\/revisions"}],"predecessor-version":[{"id":243,"href":"https:\/\/spcwc.pzk.pl\/index.php?rest_route=\/wp\/v2\/pages\/7\/revisions\/243"}],"wp:attachment":[{"href":"https:\/\/spcwc.pzk.pl\/index.php?rest_route=%2Fwp%2Fv2%2Fmedia&parent=7"}],"curies":[{"name":"wp","href":"https:\/\/api.w.org\/{rel}","templated":true}]}}