{"id":512,"date":"2025-06-09T15:59:41","date_gmt":"2025-06-09T13:59:41","guid":{"rendered":"https:\/\/spcwc.pzk.pl\/?page_id=512"},"modified":"2025-07-19T16:10:58","modified_gmt":"2025-07-19T14:10:58","slug":"dni-aktywnosci-2025","status":"publish","type":"page","link":"https:\/\/spcwc.pzk.pl\/?page_id=512","title":{"rendered":"Dni Aktywno\u015bci 2025"},"content":{"rendered":"\n<p>1. Impreza organizowana jest z okazji 30. rocznicy powo\u0142ania SPCWC (1.07.1995 r.)<br>2. Organizatorami dni aktywno\u015bci Polskiego Klubu Telegrafist\u00f3w (SPCWC). Managerem Dni Aktywnosci jest SP2FAP i SP9MDY.<br>3. Impreza odbywa\u0107 si\u0119 b\u0119dzie na wszystkich pasmach HF emisj\u0105 CW w dniach 5-6 lipca 2025 r. tj. pierwszy wekend po rocznicy, w 4 turach 1 godzinnych: od godziny 05.00z do 06:00z oraz 12:00-13:00z w sobot\u0119 i w niedziel\u0119 15:00-16:00 oraz 18:00-19:00 UTC.<br>4a. Pami\u0105tkowy dyplom b\u0119dzie mo\u017cna otrzyma\u0107 za zdobycie 30 pkt., przy za\u0142o\u017ceniu, \u017ce ka\u017cde QSO z cz\u0142onkiem SPCWC daje 4 pkt. Stacje Eu obowi\u0105zuje zdobycie 14 pkt., a DX &#8211;&nbsp;&nbsp;&nbsp;&nbsp;&nbsp; 8 pkt.<br>4b.Punktacja:<br>&nbsp;&nbsp; QSO MEMB SPCWC z NM SPCWC daje 4pkt tylko dla NM SPCWC a MEM SPCWC otrzymuje 1 pkt<br>&nbsp;&nbsp; QSO MEMB SPCWC z MEMB SPCWC daje 4pkt dla ka\u017cdego<br>5. Punktowane s\u0105 \u0142\u0105czno\u015bci przeprowadzone na ka\u017cdym innym pa\u015bmie, odr\u0119bnie w sobot\u0119 i w niedziel\u0119.<br>&nbsp;&nbsp; Nie mo\u017cna powtarza\u0107 QSO z dan\u0105 stacj\u0105 na tym samym pa\u015bmie tego samego dnia.<br>6. Wymiana: cz\u0142onkowie SPCW nadaj\u0105 RST + nr cz\u0142onkowski, np. 599036, pozostali RST + NM np. 599NM.<br>7. Na stronie : <a href=\"https:\/\/spcwc.pzk.pl\/?page_id=23\" target=\"_blank\" rel=\"noreferrer noopener\">https:\/\/spcwc.pzk.pl\/?page_id=23<\/a>&nbsp; znajduje si\u0119 RBN Cluster czlonk\u00f3w SPCWC co u\u0142atwi zbieranie punkt\u00f3w.<br>8. Wykaz wymaganych QSOs w formacie cbr lub adi nale\u017cy przes\u0142a\u0107 w ci\u0105gu 7 dni na adres: <a href=\"mailto:sp-cw@o2.pl\">sp-cw@o2.pl<\/a>.<br>9. Pami\u0105tkowy eDyplom w formacie PDF lub .jpg wys\u0142any zostanie na podany w zg\u0142oszeniu adres email.<br>10. Analogicznie punktowany dyplom dost\u0119pny jest dla stacji SWL.<br>SPCWC members:<br><a href=\"https:\/\/spcwc.pzk.pl\/?page_id=9\" target=\"_blank\" rel=\"noreferrer noopener\">https:\/\/spcwc.pzk.pl\/?page_id=9<\/a><\/p>\n\n\n\n<figure class=\"wp-block-image size-large\"><img loading=\"lazy\" decoding=\"async\" width=\"731\" height=\"1024\" src=\"https:\/\/spcwc.pzk.pl\/wp-content\/uploads\/Dyplom-2025-wzor-2-731x1024.jpg\" alt=\"\" class=\"wp-image-513\" srcset=\"https:\/\/spcwc.pzk.pl\/wp-content\/uploads\/Dyplom-2025-wzor-2-731x1024.jpg 731w, https:\/\/spcwc.pzk.pl\/wp-content\/uploads\/Dyplom-2025-wzor-2-214x300.jpg 214w, https:\/\/spcwc.pzk.pl\/wp-content\/uploads\/Dyplom-2025-wzor-2-768x1076.jpg 768w, https:\/\/spcwc.pzk.pl\/wp-content\/uploads\/Dyplom-2025-wzor-2.jpg 790w\" sizes=\"auto, (max-width: 731px) 85vw, 731px\" \/><\/figure>\n\n\n\n<p>Witam wszystkich uczestnik\u00f3w Dni aktywno\u015bci SP-CW-Clubu 2025. W regulaminowym terminie 7 dni otrzymano dzienniki od 16 uczestnik\u00f3w.<br>Najodleglejszym uczestnikiem okaza\u0142 si\u0119 Jakub RC8SC z Orenburga, kt\u00f3ry uzyska\u0142 wymagane dla stacji poza EU 8pkt. Spoza SP uczestniczy\u0142y 2 stacje : Janek DL1EJG oraz Alesz OK1DQP. Wszyscy uczestnicy opr\u00f3cz jednej stacji uzyskali wynik premiowany uzyskaniem dyplomu 30 lecia SP-CW-C. Tylko jedna stacja (SP5PDA) nie uzyska\u0142a wymaganej ilo\u015bci punkt\u00f3w, ale dzi\u0119kujemy jej za uczestnictwo oraz za przes\u0142anie logu, taka postawa Fair Play powinna cechowa\u0107 ka\u017cdego kr\u00f3tkofalowca. Oto lista zdobywc\u00f3w dyplomu:<\/p>\n\n\n\n<p>DL1EJG, OK1DQP, RC8SC, SP1AEN, SP4AWE, SP4HHI, SP5BMU, SP5ENG, SP6JOE, SP7OGP, SP8BJU, SP9AVR, SP9KJU, SP9MDY, SQ9FMU,<\/p>\n\n\n\n<p>Dzi\u0119kujemy wszystkim za udzia\u0142 i zapraszamy za rok. Dzi\u0119kuj\u0119 tak\u017ce Jurkowi SP5GEO za opracowanie grafiki dyplomu oraz Paw\u0142owi SP7TEV za t\u0142umaczenie na j\u0119z. angielski, r\u00f3wnie\u017c i Adamowi SQ9S za wsparcie techniczne.<\/p>\n\n\n\n<p>73 w imieniu organizator\u00f3w Hubert SP9MDY SP-CW-C 036<\/p>\n","protected":false},"excerpt":{"rendered":"<p>1. Impreza organizowana jest z okazji 30. rocznicy powo\u0142ania SPCWC (1.07.1995 r.)2. Organizatorami dni aktywno\u015bci Polskiego Klubu Telegrafist\u00f3w (SPCWC). Managerem Dni Aktywnosci jest SP2FAP i SP9MDY.3. Impreza odbywa\u0107 si\u0119 b\u0119dzie na wszystkich pasmach HF emisj\u0105 CW w dniach 5-6 lipca 2025 r. tj. pierwszy wekend po rocznicy, w 4 turach 1 godzinnych: od godziny 05.00z do 06:00z oraz 12:00-13:00z w sobot\u0119 i w niedziel\u0119 15:00-16:00 oraz 18:00-19:00 UTC.4a. Pami\u0105tkowy dyplom b\u0119dzie mo\u017cna otrzyma\u0107 za zdobycie 30 pkt., przy za\u0142o\u017ceniu, \u017ce &hellip; <a href=\"https:\/\/spcwc.pzk.pl\/?page_id=512\" class=\"more-link\">Continue reading<span class=\"screen-reader-text\"> &#8222;Dni Aktywno\u015bci 2025&#8221;<\/span><\/a><\/p>\n","protected":false},"author":1,"featured_media":0,"parent":0,"menu_order":0,"comment_status":"closed","ping_status":"closed","template":"","meta":{"footnotes":""},"class_list":["post-512","page","type-page","status-publish","hentry"],"_links":{"self":[{"href":"https:\/\/spcwc.pzk.pl\/index.php?rest_route=\/wp\/v2\/pages\/512","targetHints":{"allow":["GET"]}}],"collection":[{"href":"https:\/\/spcwc.pzk.pl\/index.php?rest_route=\/wp\/v2\/pages"}],"about":[{"href":"https:\/\/spcwc.pzk.pl\/index.php?rest_route=\/wp\/v2\/types\/page"}],"author":[{"embeddable":true,"href":"https:\/\/spcwc.pzk.pl\/index.php?rest_route=\/wp\/v2\/users\/1"}],"replies":[{"embeddable":true,"href":"https:\/\/spcwc.pzk.pl\/index.php?rest_route=%2Fwp%2Fv2%2Fcomments&post=512"}],"version-history":[{"count":4,"href":"https:\/\/spcwc.pzk.pl\/index.php?rest_route=\/wp\/v2\/pages\/512\/revisions"}],"predecessor-version":[{"id":528,"href":"https:\/\/spcwc.pzk.pl\/index.php?rest_route=\/wp\/v2\/pages\/512\/revisions\/528"}],"wp:attachment":[{"href":"https:\/\/spcwc.pzk.pl\/index.php?rest_route=%2Fwp%2Fv2%2Fmedia&parent=512"}],"curies":[{"name":"wp","href":"https:\/\/api.w.org\/{rel}","templated":true}]}}