{"id":414,"date":"2024-06-21T21:58:09","date_gmt":"2024-06-21T19:58:09","guid":{"rendered":"https:\/\/spcwc.pzk.pl\/?page_id=414"},"modified":"2024-07-18T12:40:29","modified_gmt":"2024-07-18T10:40:29","slug":"dni-aktywnosci-spcwc-2024","status":"publish","type":"page","link":"https:\/\/spcwc.pzk.pl\/?page_id=414","title":{"rendered":"Dni Aktywno\u015bci 2024"},"content":{"rendered":"\n<p>1. Impreza organizowana jest z okazji 29. rocznicy powo\u0142ania SPCWC (1.07.1995r).<br>2. Organizatorami dni aktywno\u015bci Polskiego Klubu Telegrafist\u00f3w (SPCWC).Managerem Dni Aktywnosci jest SP2FAP i SP9MDY.<br>3. Impreza odbywa\u0107 si\u0119 b\u0119dzie na wszstkich pasmach HF emisj\u0105 CW w dniach 6-7 lipca 2024r. tj. pierwszy wekend po rocznicy, w 4 turach 1 godzinnych: od godziny 05.00z do 06:00z oraz 12:00-13:00z w sobot\u0119 i w niedziel\u0119 15:00-16:00 oraz 18:00-19:00 UTC.<br>4a. Pami\u0105tkowy dyplom b\u0119dzie mo\u017cna otrzyma\u0107 za zdobycie 29 pkt., przy za\u0142o\u017ceniu, \u017ce ka\u017cde QSO z cz\u0142onkiem SPCWC daje 4 pkt. Stacje Eu obowi\u0105zuje zdobycie 14 pkt., a DX &#8211; 8 pkt.<br>4b.Punktacja:<br>&nbsp;&nbsp; QSO MBR SPCWC z NM SPCWC daje 4pkt tylko dla NM SPCWC a MEM SPCWC otrzymuje 1 pkt (je\u017celi korespondent wy\u015ble log do weryfikacji.)<br>&nbsp;&nbsp; QSO MBR SPCWC z MBR SPCWC daje 4pkt dla ka\u017cdego<br>5. Punktowane s\u0105 \u0142\u0105czno\u015bci przeprowadzone na ka\u017cdym innym pa\u015bmie, odr\u0119bnie w sobot\u0119 i w niedziel\u0119.<br>&nbsp;&nbsp; Nie mo\u017cna powtarza\u0107 QSO z dan\u0105 stacj\u0105 na tym samym pa\u015bmie tego samego dnia.<br>6a. Wymiana: cz\u0142onkowie SPCW nadaj\u0105 RST + nr cz\u0142onkowski, np. 599036, pozostali RST + NM np. 599NM.<br>6b.Preferowane cz\u0119stotliwo\u015bci : 3565, 7030, 10125, 14050, 18080, 21040, 24895, 28040 \u00b1 5khz<br>7. Na stronie : <a href=\"https:\/\/spcwc.pzk.pl\/?page_id=23\" target=\"_blank\" rel=\"noreferrer noopener\">https:\/\/spcwc.pzk.pl\/?page_id=23<\/a>&nbsp; znajduje si\u0119 RBN Cluster czlonk\u00f3w SPCWC co u\u0142atwi zbieranie punkt\u00f3w.<br>8. Wykaz wymaganych QSOs nale\u017cy przes\u0142a\u0107 w ci\u0105gu 7 dni na adres: <a href=\"mailto:sp-cw@o2.pl\">sp-cw@o2.pl<\/a><br>9. Pami\u0105tkowy eDyplom w formacie PDF lub .jpg wys\u0142any zostanie na podany w zg\u0142oszeniu adres email.<br>10. Analogicznie punktowany dyplom dost\u0119pny jest dla stacji SWL.<br>SPCWC members:<br><a href=\"https:\/\/spcwc.pzk.pl\/?page_id=9\" target=\"_blank\" rel=\"noreferrer noopener\">https:\/\/spcwc.pzk.pl\/?page_id=9<\/a><\/p>\n\n\n\n<figure class=\"wp-block-image size-large\"><img loading=\"lazy\" decoding=\"async\" width=\"1024\" height=\"724\" src=\"https:\/\/spcwc.pzk.pl\/wp-content\/uploads\/SAMPLE-2024-1024x724.jpg\" alt=\"\" class=\"wp-image-429\" srcset=\"https:\/\/spcwc.pzk.pl\/wp-content\/uploads\/SAMPLE-2024-1024x724.jpg 1024w, https:\/\/spcwc.pzk.pl\/wp-content\/uploads\/SAMPLE-2024-300x212.jpg 300w, https:\/\/spcwc.pzk.pl\/wp-content\/uploads\/SAMPLE-2024-768x543.jpg 768w, https:\/\/spcwc.pzk.pl\/wp-content\/uploads\/SAMPLE-2024-1536x1085.jpg 1536w, https:\/\/spcwc.pzk.pl\/wp-content\/uploads\/SAMPLE-2024-2048x1447.jpg 2048w, https:\/\/spcwc.pzk.pl\/wp-content\/uploads\/SAMPLE-2024-1200x848.jpg 1200w\" sizes=\"auto, (max-width: 709px) 85vw, (max-width: 909px) 67vw, (max-width: 1362px) 62vw, 840px\" \/><\/figure>\n\n\n\n<p>PODSUMOWANIE DNI AKTYWNOSCI SP-CW-C 2024.<br>W wyznaczonym terminie odebrano logi od 20 stacji (wg. kolejno\u015bci wp\u0142yni\u0119cia log\u00f3w):<br>DL1EJG NM, SQ9FMU 319, SP7OGP 362, SP9OUV 456, SQ8LUV 323, OK1DQP NM, SP6JOE 96, SP1AEN 15, SP9XCJ 222, SP2FAP 02, SP9KJU 501, SP9MDY 36, SQ9MZ 457, SQ9S 439, SQ5EF 564, SP5OXJ 151, SP8JMA 128, SP8GNF NM, SP4AVG 273, SP4GHL 027.<br>Dzi\u0119kujemy wszystkim za udzia\u0142 i wys\u0142anie swoich raport\u00f3w. Szczeg\u00f3lne podzi\u0119kowanie dla SP7TEV za prace nad t\u0142umaczeniem regulaminu na j\u0119zyk angielski oraz dla SP5GEO za prace nad grafik\u0105 dyplomu.<br>Wszyscy kt\u00f3rzy nades\u0142ali logi uzyskali wymagan\u0105 ilo\u015b\u0107 punk\u00f3w czyli 29 z okazji 29 rocznicy za\u0142o\u017cenia naszego klubu SP-CW-C. Znaczna cz\u0119\u015b\u0107 log\u00f3w by\u0142a prawid\u0142owa, jednak zdarza\u0142y si\u0119 przypadki logu w postaci pliku tekstowego dowolnego, pliku formatu doc, nieprawid\u0142owo sformatowanej grupy nadawanej lub jej braku, inni za\u015b byli tak mocno usprz\u0119towieni \u017ce NM odbierali jako 9M. Ale i tak fajnie by\u0142o spotka\u0107 tak du\u017c\u0105 grup\u0119 sympatyk\u00f3w telegrafii, dobrze, \u017ce z roku na rok wi\u0119ksz\u0105.<br>Dzi\u0119kujemy wszystkim za udzia\u0142 i do spotkania za rok. Obecnie jeste\u015bmy w trakcie wysy\u0142ania dyplom\u00f3w. 73 DE SP2FAP i SP9MDY.<\/p>\n","protected":false},"excerpt":{"rendered":"<p>1. Impreza organizowana jest z okazji 29. rocznicy powo\u0142ania SPCWC (1.07.1995r).2. Organizatorami dni aktywno\u015bci Polskiego Klubu Telegrafist\u00f3w (SPCWC).Managerem Dni Aktywnosci jest SP2FAP i SP9MDY.3. Impreza odbywa\u0107 si\u0119 b\u0119dzie na wszstkich pasmach HF emisj\u0105 CW w dniach 6-7 lipca 2024r. tj. pierwszy wekend po rocznicy, w 4 turach 1 godzinnych: od godziny 05.00z do 06:00z oraz 12:00-13:00z w sobot\u0119 i w niedziel\u0119 15:00-16:00 oraz 18:00-19:00 UTC.4a. Pami\u0105tkowy dyplom b\u0119dzie mo\u017cna otrzyma\u0107 za zdobycie 29 pkt., przy za\u0142o\u017ceniu, \u017ce ka\u017cde QSO z &hellip; <a href=\"https:\/\/spcwc.pzk.pl\/?page_id=414\" class=\"more-link\">Continue reading<span class=\"screen-reader-text\"> &#8222;Dni Aktywno\u015bci 2024&#8221;<\/span><\/a><\/p>\n","protected":false},"author":1,"featured_media":0,"parent":0,"menu_order":0,"comment_status":"closed","ping_status":"closed","template":"","meta":{"footnotes":""},"class_list":["post-414","page","type-page","status-publish","hentry"],"_links":{"self":[{"href":"https:\/\/spcwc.pzk.pl\/index.php?rest_route=\/wp\/v2\/pages\/414","targetHints":{"allow":["GET"]}}],"collection":[{"href":"https:\/\/spcwc.pzk.pl\/index.php?rest_route=\/wp\/v2\/pages"}],"about":[{"href":"https:\/\/spcwc.pzk.pl\/index.php?rest_route=\/wp\/v2\/types\/page"}],"author":[{"embeddable":true,"href":"https:\/\/spcwc.pzk.pl\/index.php?rest_route=\/wp\/v2\/users\/1"}],"replies":[{"embeddable":true,"href":"https:\/\/spcwc.pzk.pl\/index.php?rest_route=%2Fwp%2Fv2%2Fcomments&post=414"}],"version-history":[{"count":7,"href":"https:\/\/spcwc.pzk.pl\/index.php?rest_route=\/wp\/v2\/pages\/414\/revisions"}],"predecessor-version":[{"id":438,"href":"https:\/\/spcwc.pzk.pl\/index.php?rest_route=\/wp\/v2\/pages\/414\/revisions\/438"}],"wp:attachment":[{"href":"https:\/\/spcwc.pzk.pl\/index.php?rest_route=%2Fwp%2Fv2%2Fmedia&parent=414"}],"curies":[{"name":"wp","href":"https:\/\/api.w.org\/{rel}","templated":true}]}}