{"id":346,"date":"2023-06-11T12:26:32","date_gmt":"2023-06-11T10:26:32","guid":{"rendered":"https:\/\/spcwc.pzk.pl\/?page_id=346"},"modified":"2023-06-29T08:56:02","modified_gmt":"2023-06-29T06:56:02","slug":"dni-aktywnosci-2023","status":"publish","type":"page","link":"https:\/\/spcwc.pzk.pl\/?page_id=346","title":{"rendered":"Dni Aktywno\u015bci 2023"},"content":{"rendered":"\n<p>Dni Aktywno\u015bci SPCWC 2023<br><\/p>\n\n\n\n<ol class=\"wp-block-list\">\n<li>Impreza organizowana jest z okazji 28 rocznicy powo\u0142ania SPCWC.<\/li>\n\n\n\n<li>Organizatorem dni aktywno\u015bci jest Polski Klub Telegrafist\u00f3w (SPCWC). <\/li>\n\n\n\n<li>Managerem Dni Aktywnosci s\u0105 SP2FAP, SP9MDY.<\/li>\n\n\n\n<li>Impreza odbywa\u0107 si\u0119 b\u0119dzie na wszystkich pasmach KF, emisj\u0105 CW w dniach 1-2 lipca 2023 r. w 4 turach 1-godzinnych: od godziny 04.00z do 05:00z oraz 12:00z do 13:00z w sobot\u0119 i w niedziel\u0119 15:00z do 16:00z oraz 18:00z do 19:00z.<\/li>\n\n\n\n<li>Pami\u0105tkowy dyplom b\u0119dzie mo\u017cna otrzyma\u0107 za zdobycie 28 pkt., przy za\u0142o\u017ceniu, \u017ce ka\u017cde QSO z cz\u0142onkiem SPCWC daje 4 pkt.<br>Punktacja:<br>QSO MEMB SPCWC z NM SPCWC daje 4pkt tylko dla NM SPCWC a MEMB SPCWC otrzymuje 0 pkt<br>natomiast QSO MEMB SPCWC z MEMB SPCWC daje 4pkt dla ka\u017cdego.<br>Stacje EU obowi\u0105zuje zdobycie 14 pkt., a DX \u2013 8 pkt.<\/li>\n\n\n\n<li>Punktowane s\u0105 \u0142\u0105czno\u015bci przeprowadzone na ka\u017cdym innym pa\u015bmie, odr\u0119bnie w sobot\u0119 i w niedziel\u0119. Nie mo\u017cna powtarza\u0107 QSO z dan\u0105 stacj\u0105 na tym samym pa\u015bmie tego samego dnia.<\/li>\n\n\n\n<li>Wymiana: cz\u0142onkowie SPCWC nadaj\u0105 RST + nr cz\u0142onkowski, np. 599036, pozostali RST + NM np. 599NM.<\/li>\n\n\n\n<li>Na stronie : <a href=\"https:\/\/spcwc.pzk.pl\/?page_id=23\" target=\"_blank\" rel=\"noreferrer noopener\">https:\/\/spcwc.pzk.pl\/?page_id=23<\/a>&nbsp; znajduje si\u0119 RBN Cluster czlonk\u00f3w SPCWC co u\u0142atwi zbieranie punkt\u00f3w.<\/li>\n\n\n\n<li>Wykaz wymaganych QSOs nale\u017cy przes\u0142a\u0107 w ci\u0105gu 7 dni na adres: <a href=\"mailto:sp-cw@o2.pl\" target=\"_blank\" rel=\"noreferrer noopener\">sp-cw@o2.pl<\/a><\/li>\n\n\n\n<li>Pami\u0105tkowy eDyplom w formacie PDF lub .jpg wys\u0142any zostanie na podany w zg\u0142oszeniu adres eMail.<\/li>\n\n\n\n<li>Analogicznie punktowany dyplom dost\u0119pny jest dla stacji SWL.<br>SPCWC members:<br><a rel=\"noreferrer noopener\" href=\"https:\/\/spcwc.pzk.pl\/?page_id=9\" target=\"_blank\">https:\/\/spcwc.pzk.pl\/?page_id=9<\/a><\/li>\n\n\n\n<li><strong>Dla u\u017cytkownik\u00f3w programu DXLOG Krzysztof, SP5KP opracowa\u0142 modu\u0142 do pracy w Dniach Aktywno\u015bci SP-CW-C<\/strong>. Krzysztof wy\u015ble plik zainteresowanym po otrzymaniu maila.<\/li>\n<\/ol>\n\n\n\n<figure class=\"wp-block-image size-large\"><img loading=\"lazy\" decoding=\"async\" width=\"724\" height=\"1024\" src=\"https:\/\/spcwc.pzk.pl\/wp-content\/uploads\/spcw23-724x1024.jpeg\" alt=\"\" class=\"wp-image-347\" srcset=\"https:\/\/spcwc.pzk.pl\/wp-content\/uploads\/spcw23-724x1024.jpeg 724w, https:\/\/spcwc.pzk.pl\/wp-content\/uploads\/spcw23-212x300.jpeg 212w, https:\/\/spcwc.pzk.pl\/wp-content\/uploads\/spcw23-768x1087.jpeg 768w, https:\/\/spcwc.pzk.pl\/wp-content\/uploads\/spcw23-1085x1536.jpeg 1085w, https:\/\/spcwc.pzk.pl\/wp-content\/uploads\/spcw23-1447x2048.jpeg 1447w, https:\/\/spcwc.pzk.pl\/wp-content\/uploads\/spcw23-1200x1698.jpeg 1200w, https:\/\/spcwc.pzk.pl\/wp-content\/uploads\/spcw23.jpeg 1491w\" sizes=\"auto, (max-width: 724px) 85vw, 724px\" \/><\/figure>\n\n\n\n<figure class=\"wp-block-gallery has-nested-images columns-default is-cropped wp-block-gallery-1 is-layout-flex wp-block-gallery-is-layout-flex\"><\/figure>\n","protected":false},"excerpt":{"rendered":"<p>Dni Aktywno\u015bci SPCWC 2023<\/p>\n","protected":false},"author":1,"featured_media":0,"parent":0,"menu_order":0,"comment_status":"closed","ping_status":"closed","template":"","meta":{"footnotes":""},"class_list":["post-346","page","type-page","status-publish","hentry"],"_links":{"self":[{"href":"https:\/\/spcwc.pzk.pl\/index.php?rest_route=\/wp\/v2\/pages\/346","targetHints":{"allow":["GET"]}}],"collection":[{"href":"https:\/\/spcwc.pzk.pl\/index.php?rest_route=\/wp\/v2\/pages"}],"about":[{"href":"https:\/\/spcwc.pzk.pl\/index.php?rest_route=\/wp\/v2\/types\/page"}],"author":[{"embeddable":true,"href":"https:\/\/spcwc.pzk.pl\/index.php?rest_route=\/wp\/v2\/users\/1"}],"replies":[{"embeddable":true,"href":"https:\/\/spcwc.pzk.pl\/index.php?rest_route=%2Fwp%2Fv2%2Fcomments&post=346"}],"version-history":[{"count":5,"href":"https:\/\/spcwc.pzk.pl\/index.php?rest_route=\/wp\/v2\/pages\/346\/revisions"}],"predecessor-version":[{"id":366,"href":"https:\/\/spcwc.pzk.pl\/index.php?rest_route=\/wp\/v2\/pages\/346\/revisions\/366"}],"wp:attachment":[{"href":"https:\/\/spcwc.pzk.pl\/index.php?rest_route=%2Fwp%2Fv2%2Fmedia&parent=346"}],"curies":[{"name":"wp","href":"https:\/\/api.w.org\/{rel}","templated":true}]}}