{"id":323,"date":"2022-07-26T17:06:45","date_gmt":"2022-07-26T15:06:45","guid":{"rendered":"https:\/\/spcwc.pzk.pl\/?page_id=323"},"modified":"2022-07-26T21:38:16","modified_gmt":"2022-07-26T19:38:16","slug":"aktywnosc-top-9","status":"publish","type":"page","link":"https:\/\/spcwc.pzk.pl\/?page_id=323","title":{"rendered":"Aktywno\u015b\u0107 Top 9"},"content":{"rendered":"\n<figure class=\"wp-block-image size-large\"><img decoding=\"async\" src=\"https:\/\/internationalcwcouncil.org\/wp-content\/uploads\/2022\/07\/Top-9-1logo-600x338.jpg\" alt=\"\"\/><\/figure>\n\n\n\n<p>ICWC organizuje ju\u017c udane zawody Medium Speed Contest (MST), wi\u0119c po co nam \u201eaktywno\u015b\u0107\u201d? Odpowied\u017a jest prosta. Wszyscy jeste\u015bmy r\u00f3\u017cni, a nie ka\u017cdy lubi zawody.<br>Dlatego ICWC chce, aby wszyscy operatorzy byli uwzgl\u0119dnieni i dobrze si\u0119 bawili.<br>W aktywno\u015bci Top9 dowolny 5-minutowy kontakt jest wa\u017cny i daje punkt. Mo\u017cesz mie\u0107 nawet kilka 5-minutowych kontakt\u00f3w z rz\u0119du z t\u0105 sam\u0105 stacj\u0105 na tym samym pa\u015bmie.<br>Aby wzi\u0105\u0107 udzia\u0142 w Top9, mo\u017cesz znale\u017a\u0107 wo\u0142aj\u0105cych CQ, mo\u017cesz zaprosi\u0107 znajomego przez telefon lub mo\u017cesz po prostu wo\u0142a\u0107 CQ w standardowy spos\u00f3b.<br>Liczy si\u0119 Twoja obecno\u015b\u0107. Swoim aktywnym udzia\u0142em pokazujesz swoj\u0105 mi\u0142o\u015b\u0107 do telegrafii i wspierasz wysi\u0142ki ICWC i jej klub\u00f3w cz\u0142onkowskich, aby utrzyma\u0107 CW przy \u017cyciu.<br>Je\u015bli po\u015bwi\u0119cisz troch\u0119 czasu w Top9, z pewno\u015bci\u0105 nawi\u0105\u017cesz nowe znajomo\u015bci i b\u0119dziesz mia\u0142 wiele nowych \u0142\u0105czno\u015bci na CW. Szczeg\u00f3lnie podczas wa\u017cnej pierwszej fazy Top9 poszukujemy ochotnik\u00f3w do prowadzenia og\u00f3lnych wywo\u0142a\u0144 CQ.<br>Jest to nadal najcz\u0119stszy spos\u00f3b nawi\u0105zania skutecznej \u0142\u0105czno\u015bci na CW.<\/p>\n\n\n\n<p>Pytania lub w\u0105tpliwo\u015bci prosimy kierowa\u0107 do Martina IK2RMZ: top9.ik2rmz@dfgh.net<\/p>\n\n\n\n<p>Zasady Top9:<br>Cz\u0119stotliwo\u015bci: Top 9 kHz pasm tylko CW (patrz tabela poni\u017cej)<br>Stacje: Wszyscy mog\u0105 bra\u0107 udzia\u0142 w Top9<br>Emisja: Tylko CW<br>Punkty za QSO: czas trwania QSO poni\u017cej 5 min. &#8211; 0 pkt. Czas trwania QSO co najmniej 5 min \u2013 1 punkt<br>Uczestnicy deklaruj\u0105 swoje miesi\u0119czne wyniki (tj. ilo\u015b\u0107 punkt\u00f3w) na stronie ICWC <a href=\"https:\/\/internationalcwcouncil.org\/top9-submission\/\" target=\"_blank\" rel=\"noreferrer noopener\">https:\/\/internationalcwcouncil.org\/top9-submission\/<\/a><\/p>\n\n\n\n<p>80m: 3.561-3.570 MHz<br>40m: 7.031-7.040 MHz<br>30m: 10.121-10.130 MHz<br>20m: 14.061-14.070 MHz<br>17m: 18.086-18.095 MHz<br>15m: 21.061-21.070 MHz<br>12m: 24.906-24.915 MHz<br>10m: 28.061-28.070 MHz<\/p>\n\n\n\n<p>Wyniki dost\u0119pn\u0105 s\u0105 na stronie <a href=\"https:\/\/internationalcwcouncil.org\/top9-results\/\" target=\"_blank\" rel=\"noreferrer noopener\">https:\/\/internationalcwcouncil.org\/top9-results\/<\/a><\/p>\n\n\n\n<p>Ponadto wszystkie \u0142\u0105czno\u015bci powy\u017cej 5 minut zaliczane s\u0105 r\u00f3wnie\u017c do aktywno\u015bci S&amp;L <a rel=\"noreferrer noopener\" href=\"https:\/\/titawa.pl\/2021\/08\/05\/drabiny-i-weze\/\" target=\"_blank\">https:\/\/titawa.pl\/2021\/08\/05\/drabiny-i-weze\/<\/a><br>Powodzenia i 73 Adam SQ9S<\/p>\n","protected":false},"excerpt":{"rendered":"<p>ICWC organizuje ju\u017c udane zawody Medium Speed Contest (MST), wi\u0119c po co nam \u201eaktywno\u015b\u0107\u201d? Odpowied\u017a jest prosta. Wszyscy jeste\u015bmy r\u00f3\u017cni, a nie ka\u017cdy lubi zawody.Dlatego ICWC chce, aby wszyscy operatorzy byli uwzgl\u0119dnieni i dobrze si\u0119 bawili.W aktywno\u015bci Top9 dowolny 5-minutowy kontakt jest wa\u017cny i daje punkt. Mo\u017cesz mie\u0107 nawet kilka 5-minutowych kontakt\u00f3w z rz\u0119du z t\u0105 sam\u0105 stacj\u0105 na tym samym pa\u015bmie.Aby wzi\u0105\u0107 udzia\u0142 w Top9, mo\u017cesz znale\u017a\u0107 wo\u0142aj\u0105cych CQ, mo\u017cesz zaprosi\u0107 znajomego przez telefon lub mo\u017cesz po prostu wo\u0142a\u0107 &hellip; <a href=\"https:\/\/spcwc.pzk.pl\/?page_id=323\" class=\"more-link\">Continue reading<span class=\"screen-reader-text\"> &#8222;Aktywno\u015b\u0107 Top 9&#8221;<\/span><\/a><\/p>\n","protected":false},"author":1,"featured_media":0,"parent":0,"menu_order":0,"comment_status":"closed","ping_status":"closed","template":"","meta":{"footnotes":""},"class_list":["post-323","page","type-page","status-publish","hentry"],"_links":{"self":[{"href":"https:\/\/spcwc.pzk.pl\/index.php?rest_route=\/wp\/v2\/pages\/323","targetHints":{"allow":["GET"]}}],"collection":[{"href":"https:\/\/spcwc.pzk.pl\/index.php?rest_route=\/wp\/v2\/pages"}],"about":[{"href":"https:\/\/spcwc.pzk.pl\/index.php?rest_route=\/wp\/v2\/types\/page"}],"author":[{"embeddable":true,"href":"https:\/\/spcwc.pzk.pl\/index.php?rest_route=\/wp\/v2\/users\/1"}],"replies":[{"embeddable":true,"href":"https:\/\/spcwc.pzk.pl\/index.php?rest_route=%2Fwp%2Fv2%2Fcomments&post=323"}],"version-history":[{"count":3,"href":"https:\/\/spcwc.pzk.pl\/index.php?rest_route=\/wp\/v2\/pages\/323\/revisions"}],"predecessor-version":[{"id":328,"href":"https:\/\/spcwc.pzk.pl\/index.php?rest_route=\/wp\/v2\/pages\/323\/revisions\/328"}],"wp:attachment":[{"href":"https:\/\/spcwc.pzk.pl\/index.php?rest_route=%2Fwp%2Fv2%2Fmedia&parent=323"}],"curies":[{"name":"wp","href":"https:\/\/api.w.org\/{rel}","templated":true}]}}