{"id":305,"date":"2022-06-10T18:07:21","date_gmt":"2022-06-10T16:07:21","guid":{"rendered":"https:\/\/spcwc.pzk.pl\/?page_id=305"},"modified":"2022-07-26T16:27:39","modified_gmt":"2022-07-26T14:27:39","slug":"dni-aktywnosci-2022","status":"publish","type":"page","link":"https:\/\/spcwc.pzk.pl\/?page_id=305","title":{"rendered":"Dni Aktywno\u015bci 2022"},"content":{"rendered":"\n<p>Dni Aktywno\u015bci SPCWC 2022<\/p>\n\n\n\n<p>1. Impreza organizowana jest z okazji 27. rocznicy powo\u0142ania SPCWC.<\/p>\n\n\n\n<p>2. Managerami Dni Aktywno\u015bci s\u0105: SP2FAP i SP9MDY.<\/p>\n\n\n\n<p>3. Impreza odbywa\u0107 si\u0119 b\u0119dzie na HF w dniach 2-3 lipca br., od godziny 00.00z w sobot\u0119 do godz. 23.59z w niedziel\u0119.<\/p>\n\n\n\n<p>4. Pami\u0105tkowy dyplom b\u0119dzie mo\u017cna otrzyma\u0107 za zdobycie 27 pkt., przy za\u0142o\u017ceniu, \u017ce ka\u017cde QSO z cz\u0142onkiem SPCWC daje 3 pkt. Stacje Eu obowi\u0105zuje zdobycie 13 pkt., a DX &#8211; 10 pkt.<\/p>\n\n\n\n<p>5. Punktowane s\u0105 \u0142\u0105czno\u015bci przeprowadzone na ka\u017cdym innym pa\u015bmie, odr\u0119bnie w sobot\u0119 i w niedziel\u0119.<\/p>\n\n\n\n<p>6. Wymiana: cz\u0142onkowie SPCW nadaj\u0105 RST + nr cz\u0142onkowski, np. 599036, pozostali RST + NM np. 599NM.<\/p>\n\n\n\n<p>7. Na stronie : <a href=\"https:\/\/spcwc.pzk.pl\/?page_id=23&amp;fbclid=IwAR07u2-SVMNxJ_00-gSs25-ETIB-cBLjMGL4Y5zlNd5ZWVpB1ej0GNZEZo4\" rel=\"noreferrer noopener\" target=\"_blank\">https:\/\/spcwc.pzk.pl\/?page_id=23<\/a> znajduje si\u0119 RBN<\/p>\n\n\n\n<p>Cluster cz\u0142onk\u00f3w SPCWC co u\u0142atwi zbieranie punkt\u00f3w.<\/p>\n\n\n\n<p>8. Wykaz wymaganych QSOs nale\u017cy przes\u0142a\u0107 w ci\u0105gu 7 dni na adres:<\/p>\n\n\n\n<p>sp-cw@o2.pl<\/p>\n\n\n\n<p>9. Pami\u0105tkowy eDyplom w formacie PDF lub .jpg wys\u0142any zostanie na podany w zg\u0142oszeniu adres eMail.<\/p>\n\n\n\n<p>10. Analogicznie punktowany dyplom dost\u0119pny jest dla stacji SWLs.<\/p>\n\n\n\n<p>Wykaz cz\u0142onk\u00f3w SPCWC: <a rel=\"noreferrer noopener\" href=\"https:\/\/l.facebook.com\/l.php?u=https%3A%2F%2Fspcwc.pzk.pl%2F%3Fpage_id%3D9%26fbclid%3DIwAR2JcgC5lffF0645zQYBrkZFUMOA53CRVw0J7rm8XKDFZB2pGvRcq0FZaBw&amp;h=AT2o5RokpTX1dt2_5cyA2MIBleimy37X9J425w3o7-3ZXhW2EcPuzrBTAH_ZwGzQstlOUoss-JvKa20HDdoPCwPSCoY5V_7pUa33y6937RHTsMCmfS3poAkdsFwIVsiD4KkC&amp;__tn__=-UK-R&amp;c[0]=AT2c4Ki3ZKrrqE7xxLJHDGAWK-rNVNdvOwCKAh-QvHgAI-n-FiLTQyIc5QNJpaRhAF_Q-s8wdhBsW10DMKLMrnUs3gwo7oRSMsgU2rz_usJHEeZCkW6uIqxoMVltBVeKh7oEkKuD27hF3T6Vf4ttV2uK82EMWkNhjptFQKMU_q9ijAlB5j8YkA\" target=\"_blank\">https:\/\/spcwc.pzk.pl\/?page_id=9<\/a><\/p>\n\n\n\n<figure class=\"wp-block-image size-large\"><img loading=\"lazy\" decoding=\"async\" width=\"1024\" height=\"640\" src=\"https:\/\/spcwc.pzk.pl\/wp-content\/uploads\/sp5geo-1024x640.jpg\" alt=\"\" class=\"wp-image-319\" srcset=\"https:\/\/spcwc.pzk.pl\/wp-content\/uploads\/sp5geo-1024x640.jpg 1024w, https:\/\/spcwc.pzk.pl\/wp-content\/uploads\/sp5geo-300x188.jpg 300w, https:\/\/spcwc.pzk.pl\/wp-content\/uploads\/sp5geo-768x480.jpg 768w, https:\/\/spcwc.pzk.pl\/wp-content\/uploads\/sp5geo-1536x960.jpg 1536w, https:\/\/spcwc.pzk.pl\/wp-content\/uploads\/sp5geo-1200x750.jpg 1200w, https:\/\/spcwc.pzk.pl\/wp-content\/uploads\/sp5geo.jpg 2048w\" sizes=\"auto, (max-width: 709px) 85vw, (max-width: 909px) 67vw, (max-width: 1362px) 62vw, 840px\" \/><\/figure>\n","protected":false},"excerpt":{"rendered":"<p>Dni Aktywno\u015bci SPCWC 2022 1. Impreza organizowana jest z okazji 27. rocznicy powo\u0142ania SPCWC. 2. Managerami Dni Aktywno\u015bci s\u0105: SP2FAP i SP9MDY. 3. Impreza odbywa\u0107 si\u0119 b\u0119dzie na HF w dniach 2-3 lipca br., od godziny 00.00z w sobot\u0119 do godz. 23.59z w niedziel\u0119. 4. Pami\u0105tkowy dyplom b\u0119dzie mo\u017cna otrzyma\u0107 za zdobycie 27 pkt., przy za\u0142o\u017ceniu, \u017ce ka\u017cde QSO z cz\u0142onkiem SPCWC daje 3 pkt. Stacje Eu obowi\u0105zuje zdobycie 13 pkt., a DX &#8211; 10 pkt. 5. Punktowane s\u0105 \u0142\u0105czno\u015bci &hellip; <a href=\"https:\/\/spcwc.pzk.pl\/?page_id=305\" class=\"more-link\">Continue reading<span class=\"screen-reader-text\"> &#8222;Dni Aktywno\u015bci 2022&#8221;<\/span><\/a><\/p>\n","protected":false},"author":1,"featured_media":0,"parent":0,"menu_order":0,"comment_status":"closed","ping_status":"closed","template":"","meta":{"footnotes":""},"class_list":["post-305","page","type-page","status-publish","hentry"],"_links":{"self":[{"href":"https:\/\/spcwc.pzk.pl\/index.php?rest_route=\/wp\/v2\/pages\/305","targetHints":{"allow":["GET"]}}],"collection":[{"href":"https:\/\/spcwc.pzk.pl\/index.php?rest_route=\/wp\/v2\/pages"}],"about":[{"href":"https:\/\/spcwc.pzk.pl\/index.php?rest_route=\/wp\/v2\/types\/page"}],"author":[{"embeddable":true,"href":"https:\/\/spcwc.pzk.pl\/index.php?rest_route=\/wp\/v2\/users\/1"}],"replies":[{"embeddable":true,"href":"https:\/\/spcwc.pzk.pl\/index.php?rest_route=%2Fwp%2Fv2%2Fcomments&post=305"}],"version-history":[{"count":2,"href":"https:\/\/spcwc.pzk.pl\/index.php?rest_route=\/wp\/v2\/pages\/305\/revisions"}],"predecessor-version":[{"id":320,"href":"https:\/\/spcwc.pzk.pl\/index.php?rest_route=\/wp\/v2\/pages\/305\/revisions\/320"}],"wp:attachment":[{"href":"https:\/\/spcwc.pzk.pl\/index.php?rest_route=%2Fwp%2Fv2%2Fmedia&parent=305"}],"curies":[{"name":"wp","href":"https:\/\/api.w.org\/{rel}","templated":true}]}}