{"id":11,"date":"2021-07-02T11:26:38","date_gmt":"2021-07-02T09:26:38","guid":{"rendered":"https:\/\/spcwc.pzk.pl\/?page_id=11"},"modified":"2022-06-10T18:04:03","modified_gmt":"2022-06-10T16:04:03","slug":"dni-aktywnosci","status":"publish","type":"page","link":"https:\/\/spcwc.pzk.pl\/?page_id=11","title":{"rendered":"Dni Aktywno\u015bci 2021"},"content":{"rendered":"\n<p>Dni Aktywno\u015bci SPCWC<\/p>\n\n\n\n<p>1. Impreza organizowana jest z okazji 26. rocznicy powo\u0142ania SPCWC.<br>2. Organizatorami dni aktywno\u015bci Polskiego Klubu Telegrafist\u00f3w (SPCWC) s\u0105: SP1AEN, SP2FAP, SP3CW, SP4AWE, SP6CES i SP9MDY.(Stacje organizatora przydzielaj\u0105 podw\u00f3jn\u0105 ilo\u015b\u0107 punkt\u00f3w)<br>3. Impreza odbywa\u0107 si\u0119 b\u0119dzie na HF w dniach&nbsp;<strong>3-4 lipca br., od godziny 00.00z w sobot\u0119 do godz. 23.59z w niedziel\u0119.<\/strong><br>4. Pami\u0105tkowy dyplom b\u0119dzie mo\u017cna otrzyma\u0107 za zdobycie 26 pkt., przy za\u0142o\u017ceniu, \u017ce ka\u017cde QSO z cz\u0142onkiem SPCWC daje 2 pkt. Stacje Eu obowi\u0105zuje zdobycie 13 pkt., a DX \u2013 10 pkt.<br>5. Punktowane s\u0105 \u0142\u0105czno\u015bci przeprowadzone na ka\u017cdym innym pa\u015bmie, odr\u0119bnie w sobot\u0119 i w niedziel\u0119.<br>6. Wymiana: cz\u0142onkowie SPCW nadaj\u0105 RST + nr cz\u0142onkowski, np. 599036, pozostali RST + NM np. 599NM.<br>7. Wykaz wymaganych QSOs nale\u017cy przes\u0142a\u0107 w ci\u0105gu 7 dni na adres: sp-cw@o2.pl<br>8. Pami\u0105tkowy eDyplom w formacie PDF lub .jpg wys\u0142any zostanie na podany w zg\u0142oszeniu adres eMail.<br>9. Analogicznie punktowany dyplom dost\u0119pny jest dla stacji SWL.<\/p>\n\n\n\n<figure class=\"wp-block-image size-large\"><img loading=\"lazy\" decoding=\"async\" width=\"732\" height=\"1024\" src=\"https:\/\/spcwc.pzk.pl\/wp-content\/uploads\/SAMPLE-1_2-732x1024.jpg\" alt=\"\" class=\"wp-image-31\" srcset=\"https:\/\/spcwc.pzk.pl\/wp-content\/uploads\/SAMPLE-1_2-732x1024.jpg 732w, https:\/\/spcwc.pzk.pl\/wp-content\/uploads\/SAMPLE-1_2-214x300.jpg 214w, https:\/\/spcwc.pzk.pl\/wp-content\/uploads\/SAMPLE-1_2-768x1074.jpg 768w, https:\/\/spcwc.pzk.pl\/wp-content\/uploads\/SAMPLE-1_2-1098x1536.jpg 1098w, https:\/\/spcwc.pzk.pl\/wp-content\/uploads\/SAMPLE-1_2.jpg 1464w\" sizes=\"auto, (max-width: 732px) 85vw, 732px\" \/><\/figure>\n","protected":false},"excerpt":{"rendered":"<p>Dni Aktywno\u015bci SPCWC 1. Impreza organizowana jest z okazji 26. rocznicy powo\u0142ania SPCWC.2. Organizatorami dni aktywno\u015bci Polskiego Klubu Telegrafist\u00f3w (SPCWC) s\u0105: SP1AEN, SP2FAP, SP3CW, SP4AWE, SP6CES i SP9MDY.(Stacje organizatora przydzielaj\u0105 podw\u00f3jn\u0105 ilo\u015b\u0107 punkt\u00f3w)3. Impreza odbywa\u0107 si\u0119 b\u0119dzie na HF w dniach&nbsp;3-4 lipca br., od godziny 00.00z w sobot\u0119 do godz. 23.59z w niedziel\u0119.4. Pami\u0105tkowy dyplom b\u0119dzie mo\u017cna otrzyma\u0107 za zdobycie 26 pkt., przy za\u0142o\u017ceniu, \u017ce ka\u017cde QSO z cz\u0142onkiem SPCWC daje 2 pkt. Stacje Eu obowi\u0105zuje zdobycie 13 pkt., a &hellip; <a href=\"https:\/\/spcwc.pzk.pl\/?page_id=11\" class=\"more-link\">Continue reading<span class=\"screen-reader-text\"> &#8222;Dni Aktywno\u015bci 2021&#8221;<\/span><\/a><\/p>\n","protected":false},"author":1,"featured_media":0,"parent":0,"menu_order":0,"comment_status":"closed","ping_status":"closed","template":"","meta":{"footnotes":""},"class_list":["post-11","page","type-page","status-publish","hentry"],"_links":{"self":[{"href":"https:\/\/spcwc.pzk.pl\/index.php?rest_route=\/wp\/v2\/pages\/11","targetHints":{"allow":["GET"]}}],"collection":[{"href":"https:\/\/spcwc.pzk.pl\/index.php?rest_route=\/wp\/v2\/pages"}],"about":[{"href":"https:\/\/spcwc.pzk.pl\/index.php?rest_route=\/wp\/v2\/types\/page"}],"author":[{"embeddable":true,"href":"https:\/\/spcwc.pzk.pl\/index.php?rest_route=\/wp\/v2\/users\/1"}],"replies":[{"embeddable":true,"href":"https:\/\/spcwc.pzk.pl\/index.php?rest_route=%2Fwp%2Fv2%2Fcomments&post=11"}],"version-history":[{"count":4,"href":"https:\/\/spcwc.pzk.pl\/index.php?rest_route=\/wp\/v2\/pages\/11\/revisions"}],"predecessor-version":[{"id":304,"href":"https:\/\/spcwc.pzk.pl\/index.php?rest_route=\/wp\/v2\/pages\/11\/revisions\/304"}],"wp:attachment":[{"href":"https:\/\/spcwc.pzk.pl\/index.php?rest_route=%2Fwp%2Fv2%2Fmedia&parent=11"}],"curies":[{"name":"wp","href":"https:\/\/api.w.org\/{rel}","templated":true}]}}