{"id":106,"date":"2021-07-03T17:18:09","date_gmt":"2021-07-03T15:18:09","guid":{"rendered":"https:\/\/spcwc.pzk.pl\/?page_id=106"},"modified":"2021-10-14T09:41:01","modified_gmt":"2021-10-14T07:41:01","slug":"o-nas","status":"publish","type":"page","link":"https:\/\/spcwc.pzk.pl\/","title":{"rendered":"O nas"},"content":{"rendered":"\n<div class=\"wp-block-image\"><figure class=\"aligncenter size-large\"><img loading=\"lazy\" decoding=\"async\" width=\"300\" height=\"300\" src=\"https:\/\/spcwc.pzk.pl\/wp-content\/uploads\/logospcwc.jpg\" alt=\"\" class=\"wp-image-48\" srcset=\"https:\/\/spcwc.pzk.pl\/wp-content\/uploads\/logospcwc.jpg 300w, https:\/\/spcwc.pzk.pl\/wp-content\/uploads\/logospcwc-150x150.jpg 150w\" sizes=\"auto, (max-width: 300px) 85vw, 300px\" \/><\/figure><\/div>\n\n\n\n<p>Polski Klub Telegrafist\u00f3w skupia entuzjast\u00f3w pracy emisj\u0105 CW, potrafi\u0105cych odbiera\u0107 na s\u0142uch znaki alfabetu Morse\u2019a jak i je nadawa\u0107.<\/p>\n\n\n\n<p>Polski Klub Telegrafist\u00f3w (SP-CW-C) utworzony zosta\u0142 1 lipca 1995 r. z inicjatywy redakcji Magazynu Kr\u00f3tkofalowc\u00f3w QTC, kt\u00f3ra jest jego sponsorem i patronem medialnym.<\/p>\n\n\n\n<p>SP-CW-C jest stowarzyszeniem operatorskim skupiaj\u0105cym nadawc\u00f3w i nas\u0142uchowc\u00f3w \u2013 entuzjast\u00f3w pracy emisj\u0105 CW, potrafi\u0105cych odbiera\u0107 na s\u0142uch znaki alfabetu Morse\u2019a i nadawa\u0107 je przy u\u017cyciu r\u0119cznych kluczy telegraficznych.<\/p>\n\n\n\n<p>Celami SP-CW-C s\u0105:<\/p>\n\n\n<p>\u2013 aktywne wspieranie wyczynowego operatorstwa CW<\/p>\n\n\n<p>\u2013 merytoryczna pomoc m\u0142odym, utalentowanym operatorom<\/p>\n\n\n\n<p>\u2013 organizacja radiooperatorskich trening\u00f3w, w tym zawod\u00f3w kr\u00f3tkofalarskich CW<\/p>\n\n\n\n<p>\u2013 prowadzenie ranking\u00f3w i wsp\u00f3\u0142zawodnictw specjalistycznych<\/p>\n\n\n\n<p>\u2013 nagradzanie najlepszych radiooperator\u00f3w<\/p>\n\n\n\n<p>&#8211; specjalistyczna dzia\u0142alno\u015b\u0107 informacyjna i wydawnicza<\/p>\n\n\n\n<p>\u2013 wsp\u00f3\u0142praca z podobnymi stowarzyszeniami i klubami specjalistycznymi na \u015bwiecie&nbsp;<\/p>\n\n\n\n<p>Cz\u0142onk\u00f3w SPCWC i nie tylko codziennie mo\u017cna spotka\u0107 na cz\u0119stotliwo\u015bci <strong>3565.0 <\/strong>MHz!<\/p>\n","protected":false},"excerpt":{"rendered":"<p>Polski Klub Telegrafist\u00f3w skupia entuzjast\u00f3w pracy emisj\u0105 CW, potrafi\u0105cych odbiera\u0107 na s\u0142uch znaki alfabetu Morse\u2019a jak i je nadawa\u0107. Polski Klub Telegrafist\u00f3w (SP-CW-C) utworzony zosta\u0142 1 lipca 1995 r. z inicjatywy redakcji Magazynu Kr\u00f3tkofalowc\u00f3w QTC, kt\u00f3ra jest jego sponsorem i patronem medialnym. SP-CW-C jest stowarzyszeniem operatorskim skupiaj\u0105cym nadawc\u00f3w i nas\u0142uchowc\u00f3w \u2013 entuzjast\u00f3w pracy emisj\u0105 CW, potrafi\u0105cych odbiera\u0107 na s\u0142uch znaki alfabetu Morse\u2019a i nadawa\u0107 je przy u\u017cyciu r\u0119cznych kluczy telegraficznych. Celami SP-CW-C s\u0105: \u2013 aktywne wspieranie wyczynowego operatorstwa CW \u2013 &hellip; <a href=\"https:\/\/spcwc.pzk.pl\/\" class=\"more-link\">Continue reading<span class=\"screen-reader-text\"> &#8222;O nas&#8221;<\/span><\/a><\/p>\n","protected":false},"author":1,"featured_media":0,"parent":0,"menu_order":0,"comment_status":"closed","ping_status":"closed","template":"","meta":{"footnotes":""},"class_list":["post-106","page","type-page","status-publish","hentry"],"_links":{"self":[{"href":"https:\/\/spcwc.pzk.pl\/index.php?rest_route=\/wp\/v2\/pages\/106","targetHints":{"allow":["GET"]}}],"collection":[{"href":"https:\/\/spcwc.pzk.pl\/index.php?rest_route=\/wp\/v2\/pages"}],"about":[{"href":"https:\/\/spcwc.pzk.pl\/index.php?rest_route=\/wp\/v2\/types\/page"}],"author":[{"embeddable":true,"href":"https:\/\/spcwc.pzk.pl\/index.php?rest_route=\/wp\/v2\/users\/1"}],"replies":[{"embeddable":true,"href":"https:\/\/spcwc.pzk.pl\/index.php?rest_route=%2Fwp%2Fv2%2Fcomments&post=106"}],"version-history":[{"count":6,"href":"https:\/\/spcwc.pzk.pl\/index.php?rest_route=\/wp\/v2\/pages\/106\/revisions"}],"predecessor-version":[{"id":232,"href":"https:\/\/spcwc.pzk.pl\/index.php?rest_route=\/wp\/v2\/pages\/106\/revisions\/232"}],"wp:attachment":[{"href":"https:\/\/spcwc.pzk.pl\/index.php?rest_route=%2Fwp%2Fv2%2Fmedia&parent=106"}],"curies":[{"name":"wp","href":"https:\/\/api.w.org\/{rel}","templated":true}]}}